{"id":151,"date":"2023-09-13T08:40:20","date_gmt":"2023-09-13T08:40:20","guid":{"rendered":"https:\/\/sexualberatung-bonn.de\/?page_id=151"},"modified":"2025-12-26T09:00:49","modified_gmt":"2025-12-26T09:00:49","slug":"contact","status":"publish","type":"page","link":"https:\/\/sexualberatung-bonn.de\/?page_id=151","title":{"rendered":"Kontakt"},"content":{"rendered":"\t\t<div data-elementor-type=\"wp-page\" data-elementor-id=\"151\" class=\"elementor elementor-151\">\n\t\t\t\t\t\t\t\t\t<section class=\"elementor-section elementor-top-section elementor-element elementor-element-2ebbc620 elementor-section-full_width elementor-section-height-default elementor-section-height-default\" data-id=\"2ebbc620\" data-element_type=\"section\">\n\t\t\t\t\t\t<div class=\"elementor-container elementor-column-gap-default\">\n\t\t\t\t\t<div class=\"elementor-column elementor-col-100 elementor-top-column elementor-element elementor-element-1a57d1d\" data-id=\"1a57d1d\" data-element_type=\"column\">\n\t\t\t<div class=\"elementor-widget-wrap elementor-element-populated\">\n\t\t\t\t\t\t\t\t<div class=\"elementor-element elementor-element-5bab1060 elementor-widget elementor-widget-heading\" data-id=\"5bab1060\" data-element_type=\"widget\" data-widget_type=\"heading.default\">\n\t\t\t\t<div class=\"elementor-widget-container\">\n\t\t\t<style>\/*! elementor - v3.16.0 - 20-09-2023 *\/\n.elementor-heading-title{padding:0;margin:0;line-height:1}.elementor-widget-heading .elementor-heading-title[class*=elementor-size-]>a{color:inherit;font-size:inherit;line-height:inherit}.elementor-widget-heading .elementor-heading-title.elementor-size-small{font-size:15px}.elementor-widget-heading .elementor-heading-title.elementor-size-medium{font-size:19px}.elementor-widget-heading .elementor-heading-title.elementor-size-large{font-size:29px}.elementor-widget-heading .elementor-heading-title.elementor-size-xl{font-size:39px}.elementor-widget-heading .elementor-heading-title.elementor-size-xxl{font-size:59px}<\/style><h1 class=\"elementor-heading-title elementor-size-default\">~ Kontakt ~<\/h1>\t\t<\/div>\n\t\t\t\t<\/div>\n\t\t\t\t\t<\/div>\n\t\t<\/div>\n\t\t\t\t\t\t\t<\/div>\n\t\t<\/section>\n\t\t\t\t<section class=\"elementor-section elementor-top-section elementor-element elementor-element-507a11e elementor-section-boxed elementor-section-height-default elementor-section-height-default\" data-id=\"507a11e\" data-element_type=\"section\">\n\t\t\t\t\t\t<div class=\"elementor-container elementor-column-gap-default\">\n\t\t\t\t\t<div class=\"elementor-column elementor-col-100 elementor-top-column elementor-element elementor-element-0973a14\" data-id=\"0973a14\" data-element_type=\"column\">\n\t\t\t<div class=\"elementor-widget-wrap elementor-element-populated\">\n\t\t\t\t\t\t\t\t<div class=\"elementor-element elementor-element-a1ab968 elementor-widget elementor-widget-text-editor\" data-id=\"a1ab968\" data-element_type=\"widget\" data-widget_type=\"text-editor.default\">\n\t\t\t\t<div class=\"elementor-widget-container\">\n\t\t\t<style>\/*! elementor - v3.16.0 - 20-09-2023 *\/\n.elementor-widget-text-editor.elementor-drop-cap-view-stacked .elementor-drop-cap{background-color:#69727d;color:#fff}.elementor-widget-text-editor.elementor-drop-cap-view-framed .elementor-drop-cap{color:#69727d;border:3px solid;background-color:transparent}.elementor-widget-text-editor:not(.elementor-drop-cap-view-default) .elementor-drop-cap{margin-top:8px}.elementor-widget-text-editor:not(.elementor-drop-cap-view-default) .elementor-drop-cap-letter{width:1em;height:1em}.elementor-widget-text-editor .elementor-drop-cap{float:left;text-align:center;line-height:1;font-size:50px}.elementor-widget-text-editor .elementor-drop-cap-letter{display:inline-block}<\/style>\t\t\t\t<div data-elementor-type=\"wp-page\" data-elementor-id=\"151\" data-elementor-title=\"Seite\"><div><section data-id=\"40f3dcbf\" data-element_type=\"section\" data-model-cid=\"c48\"><div><div data-id=\"2e0a446e\" data-element_type=\"column\" data-model-cid=\"c61\" data-col=\"33\"><div><div data-id=\"16ac9e65\" data-element_type=\"widget\" data-model-cid=\"c68\" data-widget_type=\"heading.default\"><div><div data-elementor-type=\"wp-page\" data-elementor-id=\"151\" data-elementor-title=\"Seite\"><div><section data-id=\"507a11e\" data-element_type=\"section\" data-model-cid=\"c7788\"><div><div data-id=\"0973a14\" data-element_type=\"column\" data-model-cid=\"c8194\" data-col=\"100\"><div><div data-id=\"de44840\" data-element_type=\"widget\" data-model-cid=\"c10180\" data-widget_type=\"heading.default\"><div><div data-elementor-type=\"wp-page\" data-elementor-id=\"151\" data-elementor-title=\"Seite\"><div><section data-id=\"40f3dcbf\" data-element_type=\"section\" data-model-cid=\"c48\"><div><div data-id=\"2e0a446e\" data-element_type=\"column\" data-model-cid=\"c61\" data-col=\"33\"><div><div data-id=\"16ac9e65\" data-element_type=\"widget\" data-model-cid=\"c68\" data-widget_type=\"heading.default\"><div><div data-elementor-type=\"wp-page\" data-elementor-id=\"151\" data-elementor-title=\"Seite\"><div><section data-id=\"40f3dcbf\" data-element_type=\"section\" data-model-cid=\"c48\"><div><div data-id=\"2e0a446e\" data-element_type=\"column\" data-model-cid=\"c61\" data-col=\"33\"><div><div data-id=\"16ac9e65\" data-element_type=\"widget\" data-model-cid=\"c68\" data-widget_type=\"heading.default\"><div><h2 style=\"text-align: center;\" contenteditable=\"true\" data-elementor-setting-key=\"title\" data-pen-placeholder=\"Eingabe hier...\">christian.weiland@gmail.com<\/h2><\/div><\/div><\/div><\/div><\/div><\/section><\/div><\/div><\/div><\/div><\/div><\/div><\/div><\/section><\/div><\/div><\/div><\/div><\/div><\/div><\/div><\/section><\/div><\/div><\/div><\/div><\/div><\/div><\/div><\/section><\/div><\/div>\t\t\t\t\t\t<\/div>\n\t\t\t\t<\/div>\n\t\t\t\t<div class=\"elementor-element elementor-element-13d5247 elementor-widget elementor-widget-image\" data-id=\"13d5247\" data-element_type=\"widget\" data-widget_type=\"image.default\">\n\t\t\t\t<div class=\"elementor-widget-container\">\n\t\t\t<style>\/*! elementor - v3.16.0 - 20-09-2023 *\/\n.elementor-widget-image{text-align:center}.elementor-widget-image a{display:inline-block}.elementor-widget-image a img[src$=\".svg\"]{width:48px}.elementor-widget-image img{vertical-align:middle;display:inline-block}<\/style>\t\t\t\t\t\t\t\t\t\t\t\t<img loading=\"lazy\" decoding=\"async\" width=\"800\" height=\"449\" src=\"https:\/\/sexualberatung-bonn.de\/wp-content\/uploads\/2023\/09\/name_-gravity-_AdUs32i0jc-unsplash2-1024x575.jpg\" class=\"attachment-large size-large wp-image-346\" alt=\"\" srcset=\"https:\/\/sexualberatung-bonn.de\/wp-content\/uploads\/2023\/09\/name_-gravity-_AdUs32i0jc-unsplash2-1024x575.jpg 1024w, https:\/\/sexualberatung-bonn.de\/wp-content\/uploads\/2023\/09\/name_-gravity-_AdUs32i0jc-unsplash2-300x169.jpg 300w, https:\/\/sexualberatung-bonn.de\/wp-content\/uploads\/2023\/09\/name_-gravity-_AdUs32i0jc-unsplash2-768x431.jpg 768w, https:\/\/sexualberatung-bonn.de\/wp-content\/uploads\/2023\/09\/name_-gravity-_AdUs32i0jc-unsplash2.jpg 1424w\" sizes=\"auto, (max-width: 800px) 100vw, 800px\" \/>\t\t\t\t\t\t\t\t\t\t\t\t\t\t\t<\/div>\n\t\t\t\t<\/div>\n\t\t\t\t\t<\/div>\n\t\t<\/div>\n\t\t\t\t\t\t\t<\/div>\n\t\t<\/section>\n\t\t\t\t<section class=\"elementor-section elementor-top-section elementor-element elementor-element-fd8e6c8 elementor-section-boxed elementor-section-height-default elementor-section-height-default\" data-id=\"fd8e6c8\" data-element_type=\"section\">\n\t\t\t\t\t\t<div class=\"elementor-container elementor-column-gap-default\">\n\t\t\t\t\t<div class=\"elementor-column elementor-col-100 elementor-top-column elementor-element elementor-element-6413989\" data-id=\"6413989\" data-element_type=\"column\">\n\t\t\t<div class=\"elementor-widget-wrap elementor-element-populated\">\n\t\t\t\t\t\t\t\t<div class=\"elementor-element elementor-element-3218f73 elementor-widget elementor-widget-spacer\" data-id=\"3218f73\" data-element_type=\"widget\" data-widget_type=\"spacer.default\">\n\t\t\t\t<div class=\"elementor-widget-container\">\n\t\t\t<style>\/*! elementor - v3.16.0 - 20-09-2023 *\/\n.elementor-column .elementor-spacer-inner{height:var(--spacer-size)}.e-con{--container-widget-width:100%}.e-con-inner>.elementor-widget-spacer,.e-con>.elementor-widget-spacer{width:var(--container-widget-width,var(--spacer-size));--align-self:var(--container-widget-align-self,initial);--flex-shrink:0}.e-con-inner>.elementor-widget-spacer>.elementor-widget-container,.e-con>.elementor-widget-spacer>.elementor-widget-container{height:100%;width:100%}.e-con-inner>.elementor-widget-spacer>.elementor-widget-container>.elementor-spacer,.e-con>.elementor-widget-spacer>.elementor-widget-container>.elementor-spacer{height:100%}.e-con-inner>.elementor-widget-spacer>.elementor-widget-container>.elementor-spacer>.elementor-spacer-inner,.e-con>.elementor-widget-spacer>.elementor-widget-container>.elementor-spacer>.elementor-spacer-inner{height:var(--container-widget-height,var(--spacer-size))}.e-con-inner>.elementor-widget-spacer.elementor-widget-empty,.e-con>.elementor-widget-spacer.elementor-widget-empty{position:relative;min-height:22px;min-width:22px}.e-con-inner>.elementor-widget-spacer.elementor-widget-empty .elementor-widget-empty-icon,.e-con>.elementor-widget-spacer.elementor-widget-empty .elementor-widget-empty-icon{position:absolute;top:0;bottom:0;left:0;right:0;margin:auto;padding:0;width:22px;height:22px}<\/style>\t\t<div class=\"elementor-spacer\">\n\t\t\t<div class=\"elementor-spacer-inner\"><\/div>\n\t\t<\/div>\n\t\t\t\t<\/div>\n\t\t\t\t<\/div>\n\t\t\t\t<div class=\"elementor-element elementor-element-4fd2006 elementor-widget elementor-widget-heading\" data-id=\"4fd2006\" data-element_type=\"widget\" data-widget_type=\"heading.default\">\n\t\t\t\t<div class=\"elementor-widget-container\">\n\t\t\t<h1 class=\"elementor-heading-title elementor-size-default\">~ Preise~<\/h1>\t\t<\/div>\n\t\t\t\t<\/div>\n\t\t\t\t<div class=\"elementor-element elementor-element-98c29ed elementor-widget elementor-widget-text-editor\" data-id=\"98c29ed\" data-element_type=\"widget\" data-widget_type=\"text-editor.default\">\n\t\t\t\t<div class=\"elementor-widget-container\">\n\t\t\t\t\t\t\t<p>7Einzelgespr\u00e4che dauern in der Regel 60 Minuten und kosten bei mir 75 Euro pro Sitzung.<\/p><p>Bei Paargespr\u00e4chen hat sich eine l\u00e4ngere Dauer von 90 Minuten bew\u00e4hrt, daf\u00fcr veranschlage ich 110 Euro.<\/p><p>\u00a0<\/p><p>Sexualberatung gilt bei vielen Krankenkassen als nicht erstattungsf\u00e4hige Leistung und muss daher privat \u00fcbernommen werden. Bitte informieren Sie sich im Vorfeld bei Ihrer Krankenkasse.<\/p><p>\u00a0<\/p>\t\t\t\t\t\t<\/div>\n\t\t\t\t<\/div>\n\t\t\t\t<div class=\"elementor-element elementor-element-36a83da elementor-widget elementor-widget-spacer\" data-id=\"36a83da\" data-element_type=\"widget\" data-widget_type=\"spacer.default\">\n\t\t\t\t<div class=\"elementor-widget-container\">\n\t\t\t\t\t<div class=\"elementor-spacer\">\n\t\t\t<div class=\"elementor-spacer-inner\"><\/div>\n\t\t<\/div>\n\t\t\t\t<\/div>\n\t\t\t\t<\/div>\n\t\t\t\t\t<\/div>\n\t\t<\/div>\n\t\t\t\t\t\t\t<\/div>\n\t\t<\/section>\n\t\t\t\t\t\t\t<\/div>\n\t\t","protected":false},"excerpt":{"rendered":"<p>~ Kontakt ~ christian.weiland@gmail.com ~ Preise~ 7Einzelgespr\u00e4che dauern in der Regel 60 Minuten und kosten bei mir 75 Euro pro Sitzung. Bei Paargespr\u00e4chen hat sich eine l\u00e4ngere Dauer von 90 Minuten bew\u00e4hrt, daf\u00fcr veranschlage ich 110 Euro. \u00a0 Sexualberatung gilt bei vielen Krankenkassen als nicht erstattungsf\u00e4hige Leistung und muss daher privat \u00fcbernommen werden. Bitte informieren [&hellip;]<\/p>\n","protected":false},"author":1,"featured_media":0,"parent":0,"menu_order":0,"comment_status":"closed","ping_status":"closed","template":"elementor_header_footer","meta":{"footnotes":""},"class_list":["post-151","page","type-page","status-publish","hentry"],"_links":{"self":[{"href":"https:\/\/sexualberatung-bonn.de\/index.php?rest_route=\/wp\/v2\/pages\/151","targetHints":{"allow":["GET"]}}],"collection":[{"href":"https:\/\/sexualberatung-bonn.de\/index.php?rest_route=\/wp\/v2\/pages"}],"about":[{"href":"https:\/\/sexualberatung-bonn.de\/index.php?rest_route=\/wp\/v2\/types\/page"}],"author":[{"embeddable":true,"href":"https:\/\/sexualberatung-bonn.de\/index.php?rest_route=\/wp\/v2\/users\/1"}],"replies":[{"embeddable":true,"href":"https:\/\/sexualberatung-bonn.de\/index.php?rest_route=%2Fwp%2Fv2%2Fcomments&post=151"}],"version-history":[{"count":51,"href":"https:\/\/sexualberatung-bonn.de\/index.php?rest_route=\/wp\/v2\/pages\/151\/revisions"}],"predecessor-version":[{"id":657,"href":"https:\/\/sexualberatung-bonn.de\/index.php?rest_route=\/wp\/v2\/pages\/151\/revisions\/657"}],"wp:attachment":[{"href":"https:\/\/sexualberatung-bonn.de\/index.php?rest_route=%2Fwp%2Fv2%2Fmedia&parent=151"}],"curies":[{"name":"wp","href":"https:\/\/api.w.org\/{rel}","templated":true}]}}